{"id":272,"date":"2022-06-02T16:36:39","date_gmt":"2022-06-02T16:36:39","guid":{"rendered":"http:\/\/www.interactivebards.com\/?page_id=272"},"modified":"2023-04-22T09:28:29","modified_gmt":"2023-04-22T09:28:29","slug":"strona-glowna","status":"publish","type":"page","link":"http:\/\/www.interactivebards.com\/","title":{"rendered":"Interactive Bards"},"content":{"rendered":"\n    \n    <section class=\"u-align-center u-black u-clearfix u-section-2\" id=\"carousel_5d5a\" src=\"\">\n      <div class=\"u-clearfix u-sheet u-valign-middle-sm u-valign-middle-xs u-sheet-1\">\n        <img class=\"u-hover-feature u-image u-image-default u-preserve-proportions u-image-1\" src=\"http:\/\/www.interactivebards.com\/wp-content\/uploads\/2022\/06\/IB_Logo_PNG-4.png\" alt=\"\" data-image-width=\"2000\" data-image-height=\"2000\">\n        <p class=\"u-large-text u-text u-text-body-alt-color u-text-font u-text-variant u-text-1\">\n          <a href=\"#carousel_4cdc\" class=\"u-active-none u-btn u-btn-round u-button-link u-button-style u-hover-feature u-hover-none u-none u-btn-1\">about us<\/a> | <a href=\"#carousel_9539\" class=\"u-active-none u-border-none u-btn u-button-link u-button-style u-hover-none u-none u-text-white u-btn-2\">projects<\/a>&nbsp;| <a href=\"#carousel_5131\" class=\"u-active-none u-border-none u-btn u-button-link u-button-style u-hover-none u-none u-text-white u-btn-3\">contact<\/a>\n        <\/p>\n      <\/div>\n      \n      \n    <\/section>\n    <section class=\"u-clearfix u-section-3\" id=\"carousel_4cdc\">\n      \n      \n      \n      \n      <h1 class=\"u-align-right u-text u-text-1\">About us<\/h1>\n      <div class=\"u-hover-feature u-image u-image-circle u-image-1\" data-image-width=\"1920\" data-image-height=\"1080\" data-animation-name=\"customAnimationIn\" data-animation-duration=\"2250\" data-animation-out=\"0\" data-animation-direction=\"X\" style=\"background-image: url(&quot;http:\/\/www.interactivebards.com\/wp-content\/uploads\/2023\/04\/HIGHMOON-TRAILLER.png&quot;);\"><\/div>\n      <div class=\"u-container-style u-expanded-width-sm u-group u-hover-feature u-opacity u-opacity-45 u-black u-group-1\">\n        <div class=\"u-container-layout u-container-layout-1\">\n          <h3 class=\"u-align-left u-text u-text-2\">Interactive Bards<\/h3>\n          <p class=\"u-align-justify u-text u-text-3\">We are the group of people who like good stories and computer games. That's why we develope games with good stories.<\/p>\n          <a href=\"http:\/\/www.interactivebards.com\/?page_id=307\" class=\"u-active-palette-1-dark-3 u-border-none u-btn u-button-style u-hover-palette-1-dark-3 u-white u-btn-1\">Learn more<\/a>\n        <\/div>\n      <\/div>\n      <div class=\"u-border-white u-hover-feature u-image u-image-circle u-image-2\" data-image-width=\"1920\" data-image-height=\"1080\" data-animation-name=\"customAnimationIn\" data-animation-duration=\"2250\" style=\"background-image: url(&quot;http:\/\/www.interactivebards.com\/wp-content\/uploads\/2023\/04\/Czymoewoliszbynieprzytomny1.png&quot;);\"><\/div>\n      <div class=\"u-shape u-shape-svg u-text-black u-shape-1\">\n        <svg class=\"u-svg-link\" preserveAspectRatio=\"none\" viewBox=\"0 0 160 160\" style=\"\"><use xmlns:xlink=\"http:\/\/www.w3.org\/1999\/xlink\" xlink:href=\"#svg-c5ad\"><\/use><\/svg>\n        <svg class=\"u-svg-content\" viewBox=\"0 0 160 160\" x=\"0px\" y=\"0px\" id=\"svg-c5ad\" style=\"enable-background:new 0 0 160 160;\"><path d=\"M80,30c27.6,0,50,22.4,50,50s-22.4,50-50,50s-50-22.4-50-50S52.4,30,80,30 M80,0C35.8,0,0,35.8,0,80s35.8,80,80,80\n\ts80-35.8,80-80S124.2,0,80,0L80,0z\"><\/path><\/svg>\n      <\/div>\n      <div class=\"u-social-icons u-spacing-10 u-social-icons-1\">\n        <a class=\"u-social-url\" title=\"facebook\" target=\"_blank\" href=\"https:\/\/www.facebook.com\/InteractiveBards\"><span class=\"u-icon u-social-facebook u-social-icon u-text-black u-icon-1\"><svg class=\"u-svg-link\" preserveAspectRatio=\"xMidYMin slice\" viewBox=\"0 0 112 112\" style=\"\"><use xlink:href=\"#svg-b45c\"><\/use><\/svg><svg class=\"u-svg-content\" viewBox=\"0 0 112 112\" x=\"0\" y=\"0\" id=\"svg-b45c\"><circle fill=\"currentColor\" cx=\"56.1\" cy=\"56.1\" r=\"55\"><\/circle><path fill=\"#FFFFFF\" d=\"M73.5,31.6h-9.1c-1.4,0-3.6,0.8-3.6,3.9v8.5h12.6L72,58.3H60.8v40.8H43.9V58.3h-8V43.9h8v-9.2\nc0-6.7,3.1-17,17-17h12.5v13.9H73.5z\"><\/path><\/svg><\/span>\n        <\/a>\n        <a class=\"u-social-url\" title=\"twitter\" target=\"_blank\" href=\"https:\/\/twitter.com\/InteractiveBar1\"><span class=\"u-icon u-social-icon u-social-twitter u-text-black u-icon-2\"><svg class=\"u-svg-link\" preserveAspectRatio=\"xMidYMin slice\" viewBox=\"0 0 112 112\" style=\"\"><use xlink:href=\"#svg-3f72\"><\/use><\/svg><svg class=\"u-svg-content\" viewBox=\"0 0 112 112\" x=\"0\" y=\"0\" id=\"svg-3f72\"><circle fill=\"currentColor\" class=\"st0\" cx=\"56.1\" cy=\"56.1\" r=\"55\"><\/circle><path fill=\"#FFFFFF\" d=\"M83.8,47.3c0,0.6,0,1.2,0,1.7c0,17.7-13.5,38.2-38.2,38.2C38,87.2,31,85,25,81.2c1,0.1,2.1,0.2,3.2,0.2\nc6.3,0,12.1-2.1,16.7-5.7c-5.9-0.1-10.8-4-12.5-9.3c0.8,0.2,1.7,0.2,2.5,0.2c1.2,0,2.4-0.2,3.5-0.5c-6.1-1.2-10.8-6.7-10.8-13.1\nc0-0.1,0-0.1,0-0.2c1.8,1,3.9,1.6,6.1,1.7c-3.6-2.4-6-6.5-6-11.2c0-2.5,0.7-4.8,1.8-6.7c6.6,8.1,16.5,13.5,27.6,14\nc-0.2-1-0.3-2-0.3-3.1c0-7.4,6-13.4,13.4-13.4c3.9,0,7.3,1.6,9.8,4.2c3.1-0.6,5.9-1.7,8.5-3.3c-1,3.1-3.1,5.8-5.9,7.4\nc2.7-0.3,5.3-1,7.7-2.1C88.7,43,86.4,45.4,83.8,47.3z\"><\/path><\/svg><\/span>\n        <\/a>\n        <a class=\"u-social-url\" title=\"instagram\" target=\"_blank\" href=\"https:\/\/www.instagram.com\/interactivebards\/\"><span class=\"u-icon u-social-icon u-social-instagram u-text-black u-icon-3\"><svg class=\"u-svg-link\" preserveAspectRatio=\"xMidYMin slice\" viewBox=\"0 0 112 112\" style=\"\"><use xlink:href=\"#svg-01f1\"><\/use><\/svg><svg class=\"u-svg-content\" viewBox=\"0 0 112 112\" x=\"0\" y=\"0\" id=\"svg-01f1\"><circle fill=\"currentColor\" cx=\"56.1\" cy=\"56.1\" r=\"55\"><\/circle><path fill=\"#FFFFFF\" d=\"M55.9,38.2c-9.9,0-17.9,8-17.9,17.9C38,66,46,74,55.9,74c9.9,0,17.9-8,17.9-17.9C73.8,46.2,65.8,38.2,55.9,38.2\nz M55.9,66.4c-5.7,0-10.3-4.6-10.3-10.3c-0.1-5.7,4.6-10.3,10.3-10.3c5.7,0,10.3,4.6,10.3,10.3C66.2,61.8,61.6,66.4,55.9,66.4z\"><\/path><path fill=\"#FFFFFF\" d=\"M74.3,33.5c-2.3,0-4.2,1.9-4.2,4.2s1.9,4.2,4.2,4.2s4.2-1.9,4.2-4.2S76.6,33.5,74.3,33.5z\"><\/path><path fill=\"#FFFFFF\" d=\"M73.1,21.3H38.6c-9.7,0-17.5,7.9-17.5,17.5v34.5c0,9.7,7.9,17.6,17.5,17.6h34.5c9.7,0,17.5-7.9,17.5-17.5V38.8\nC90.6,29.1,82.7,21.3,73.1,21.3z M83,73.3c0,5.5-4.5,9.9-9.9,9.9H38.6c-5.5,0-9.9-4.5-9.9-9.9V38.8c0-5.5,4.5-9.9,9.9-9.9h34.5\nc5.5,0,9.9,4.5,9.9,9.9V73.3z\"><\/path><\/svg><\/span>\n        <\/a>\n      <\/div>\n      <div class=\"u-border-white u-hover-feature u-image u-image-circle u-image-3\" data-image-width=\"1536\" data-image-height=\"1024\" data-animation-name=\"customAnimationIn\" data-animation-duration=\"2250\" style=\"background-image: url(&quot;http:\/\/www.interactivebards.com\/wp-content\/uploads\/2023\/04\/marysiamarysia_OLD_swan_no_background_comic_style_78ab3180-a37d-42b8-a285-f63560b67c56.png&quot;);\"><\/div>\n    <\/section>\n    <section class=\"u-clearfix u-palette-5-base u-section-4\" id=\"carousel_9539\">\n      <img class=\"u-expanded-height u-hidden-xs u-image u-image-1\" src=\"http:\/\/www.interactivebards.com\/wp-content\/uploads\/2022\/06\/VR.png\" data-image-width=\"1920\" data-image-height=\"1080\">\n      <img class=\"u-absolute-hcenter-xs u-expanded u-image\" src=\"http:\/\/www.interactivebards.com\/wp-content\/uploads\/2023\/04\/marysiamarysia_empty_road_western_watercolor_painting_william_s_fe5ef969-82f8-4137-b58c-e7fdc0bf4789_cleanup1.png\" data-image-width=\"1664\" data-image-height=\"960\">\n      <h1 class=\"u-align-right u-text u-text-1\">Projects<\/h1>\n      <div class=\"u-list u-list-1\">\n        <div class=\"u-repeater u-repeater-1\">\n          <div class=\"u-container-style u-list-item u-repeater-item u-white u-list-item-1\">\n            <div class=\"u-container-layout u-similar-container u-container-layout-1\">\n              <h2 class=\"u-text u-text-2\">\n                <a href=\"https:\/\/store.steampowered.com\/app\/1851620\/Warsaw_Paris_of_the_North_prototype\/\" class=\"u-active-none u-border-none u-btn u-button-link u-button-style u-hover-none u-none u-text-body-color u-btn-1\" target=\"_blank\">Warsaw, the Paris of North<\/a>\n              <\/h2>\n              <p class=\"u-align-justify u-text u-text-3\"> New York, 1935. \u200bJames, a middle-aged millionaire, decides to go on a business journey to Warsaw, to prove that making money is possible anywhere. Soon it turns out that this trip is not only to make his point but also to change his life.&nbsp;&nbsp;&nbsp;<span class=\"u-file-icon u-icon\" data-href=\"https:\/\/store.steampowered.com\/app\/1851620\/Warsaw_Paris_of_the_North_prototype\/\" data-target=\"_blank\"><img src=\"http:\/\/www.interactivebards.com\/wp-content\/uploads\/2023\/04\/Steam_icon_logo.svg.png\" alt=\"\"><\/span>\n              <\/p>\n            <\/div>\n          <\/div>\n          <div class=\"u-container-style u-list-item u-repeater-item u-white u-list-item-2\">\n            <div class=\"u-container-layout u-similar-container u-container-layout-2\">\n              <h2 class=\"u-text u-text-4\">High Moon<\/h2>\n              <p class=\"u-align-justify u-text u-text-5\"> High Moon is an enthralling adventure game presented in the style of a visual novel. Players assume the role of The Good, a courageous character journeying through the Wild West, relentlessly pursuing criminals and seeking justice. One fateful day, our protagonist stumbles upon a peculiar world where the sun refuses to rise, plants fail to bear fruit, and the inhabitants find themselves unable to die. Can The Good restore balance and bring light back to this desolate land?<\/p>\n            <\/div>\n          <\/div>\n          <div class=\"u-container-style u-list-item u-repeater-item u-white u-list-item-3\">\n            <div class=\"u-container-layout u-similar-container u-container-layout-3\">\n              <h2 class=\"u-text u-text-6\">\n                <a class=\"u-active-none u-border-none u-btn u-button-link u-button-style u-hover-none u-none u-text-black u-btn-2\" href=\"https:\/\/www.warszawskieopowiesci.pl\" target=\"_blank\"> Seven Stories about Warsaw<\/a>\n              <\/h2>\n              <p class=\"u-align-justify u-text u-text-7\"> Created in polish language, commissioned by Good (Hi)story Foundation, financed by Polish History Museum, this anthology of interactive stories concentrates on Warsaw's history, legends and... future.&nbsp;<span class=\"u-file-icon u-icon\" data-href=\"https:\/\/warszawskieopowiesci.pl\/\" data-target=\"_blank\"><img src=\"http:\/\/www.interactivebards.com\/wp-content\/uploads\/2023\/04\/1183489.png\" alt=\"\"><\/span>\n              <\/p>\n            <\/div>\n          <\/div>\n        <\/div>\n      <\/div>\n    <\/section>\n    <section class=\"u-clearfix u-section-5\" id=\"carousel_5131\">\n      <div class=\"u-clearfix u-sheet u-sheet-1\">\n        <div class=\"u-clearfix u-expanded-width u-gutter-0 u-layout-wrap u-layout-wrap-1\">\n          <div class=\"u-gutter-0 u-layout\">\n            <div class=\"u-layout-row\">\n              <div class=\"u-size-28\">\n                <div class=\"u-layout-col\">\n                  <div class=\"u-align-left u-container-style u-image u-layout-cell u-left-cell u-size-60 u-image-1\" data-image-width=\"1664\" data-image-height=\"960\" style=\"background-image: url(&quot;http:\/\/www.interactivebards.com\/wp-content\/uploads\/2023\/04\/marysiamarysia_old_phone_no_background_western_movie_Sepia_wate_de751555-a453-43b2-9129-43242ffedde1.png&quot;);\">\n                    <div class=\"u-container-layout u-container-layout-1\"><\/div>\n                  <\/div>\n                <\/div>\n              <\/div>\n              <div class=\"u-size-32\">\n                <div class=\"u-layout-row\">\n                  <div class=\"u-container-style u-layout-cell u-right-cell u-size-60 u-layout-cell-2\">\n                    <div class=\"u-container-layout u-container-layout-2\">\n                      <h2 class=\"u-text u-text-default u-text-1\">Contact<\/h2>\n                      <h5 class=\"u-text u-text-default u-text-2\">piotrek@interactivebards.com<\/h5>\n                      <h5 class=\"u-align-left u-text u-text-3\"> INTERACTIVE BARDS SP\u00d3\u0141KA Z OGRANICZON\u0104 ODPOWIEDZIALNO\u015aCI\u0104<br>ul. Dzika 15\/13<br>00-172 Warsaw, Poland<br>NIP: 5252871228 KRS: 0000913056<br>\n                      <\/h5>\n                      <h2 class=\"u-text u-text-grey-70 u-text-4\">Follow us<\/h2>\n                      <div class=\"u-social-icons u-spacing-20 u-social-icons-1\">\n                        <a class=\"u-social-url\" target=\"_blank\" href=\"https:\/\/www.facebook.com\/InteractiveBards\" title=\"\"><span class=\"u-icon u-icon-circle u-social-facebook u-social-icon u-icon-1\"><svg class=\"u-svg-link\" preserveAspectRatio=\"xMidYMin slice\" viewBox=\"0 0 112.2 112.2\"><use xmlns:xlink=\"http:\/\/www.w3.org\/1999\/xlink\" xlink:href=\"#svg-05cd\"><\/use><\/svg><svg x=\"0px\" y=\"0px\" viewBox=\"0 0 112.2 112.2\" style=\"enable-background:new 0 0 112.2 112.2;\" xml:space=\"preserve\" id=\"svg-05cd\" class=\"u-svg-content\"><path d=\"M56.1,0C25.1,0,0,25.1,0,56.1c0,31,25.1,56.1,56.1,56.1c31,0,56.1-25.1,56.1-56.1C112.2,25.1,87.1,0,56.1,0z M71.6,34.3h-8.2c-1.3,0-3.2,0.7-3.2,3.5v7.6h11.3l-1.3,12.9h-10V95H45V58.3h-7.2V45.4H45v-8.3c0-6,2.8-15.3,15.3-15.3l11.2,0V34.3z \"><\/path><\/svg><\/span>\n                        <\/a>\n                        <a class=\"u-social-url\" target=\"_blank\" href=\"https:\/\/twitter.com\/InteractiveBar1\" title=\"\"><span class=\"u-icon u-icon-circle u-social-icon u-social-twitter u-icon-2\"><svg class=\"u-svg-link\" preserveAspectRatio=\"xMidYMin slice\" viewBox=\"0 0 112.2 112.2\"><use xmlns:xlink=\"http:\/\/www.w3.org\/1999\/xlink\" xlink:href=\"#svg-ed78\"><\/use><\/svg><svg x=\"0px\" y=\"0px\" viewBox=\"0 0 112.2 112.2\" style=\"enable-background:new 0 0 112.2 112.2;\" xml:space=\"preserve\" id=\"svg-ed78\" class=\"u-svg-content\"><path d=\"M56.1,0C25.1,0,0,25.1,0,56.1s25.1,56.1,56.1,56.1s56.1-25.1,56.1-56.1S87.1,0,56.1,0z M83.8,47.3 c0,0.6,0,1.2,0,1.7c0,17.7-13.5,38.2-38.2,38.2c-7.6,0-14.6-2.2-20.6-6c1,0.1,2.1,0.2,3.2,0.2c6.3,0,12.1-2.1,16.7-5.7 c-5.9-0.1-10.8-4-12.5-9.3c0.8,0.2,1.7,0.2,2.5,0.2c1.2,0,2.4-0.2,3.5-0.5c-6.1-1.2-10.8-6.7-10.8-13.1c0-0.1,0-0.1,0-0.2 c1.8,1,3.9,1.6,6.1,1.7c-3.6-2.4-6-6.5-6-11.2c0-2.5,0.7-4.8,1.8-6.7c6.6,8.1,16.5,13.5,27.6,14c-0.2-1-0.3-2-0.3-3.1 c0-7.4,6-13.4,13.4-13.4c3.9,0,7.3,1.6,9.8,4.2c3.1-0.6,5.9-1.7,8.5-3.3c-1,3.1-3.1,5.8-5.9,7.4c2.7-0.3,5.3-1,7.7-2.1 C88.7,43,86.4,45.4,83.8,47.3z\"><\/path><\/svg><\/span>\n                        <\/a>\n                        <a class=\"u-social-url\" target=\"_blank\" href=\"https:\/\/www.instagram.com\/interactivebards\/\" title=\"\"><span class=\"u-icon u-icon-circle u-social-icon u-social-instagram u-icon-3\"><svg class=\"u-svg-link\" preserveAspectRatio=\"xMidYMin slice\" viewBox=\"0 0 112.2 112.2\"><use xmlns:xlink=\"http:\/\/www.w3.org\/1999\/xlink\" xlink:href=\"#svg-556d\"><\/use><\/svg><svg x=\"0px\" y=\"0px\" viewBox=\"0 0 112.2 112.2\" style=\"enable-background:new 0 0 112.2 112.2;\" xml:space=\"preserve\" id=\"svg-556d\" class=\"u-svg-content\"><path d=\"M56.1,0C25.1,0,0,25.1,0,56.1c0,31,25.1,56.1,56.1,56.1c31,0,56.1-25.1,56.1-56.1C112.2,25.1,87.1,0,56.1,0z M90.6,73.4c0,9.6-7.8,17.5-17.5,17.5H38.6c-9.6,0-17.5-7.9-17.5-17.6V38.8c0-9.6,7.8-17.5,17.5-17.5h34.5c9.6,0,17.5,7.8,17.5,17.5 V73.4z\"><\/path><path d=\"M73.1,28.9H38.6c-5.4,0-9.9,4.4-9.9,9.9v34.5c0,5.4,4.4,9.9,9.9,9.9h34.5c5.4,0,9.9-4.4,9.9-9.9V38.8 C83,33.4,78.6,28.9,73.1,28.9z M55.9,74C46,74,38,66,38,56.1c0-9.9,8-17.9,17.9-17.9c9.9,0,17.9,8,17.9,17.9 C73.8,66,65.8,74,55.9,74z M74.3,41.9c-2.3,0-4.2-1.9-4.2-4.2s1.9-4.2,4.2-4.2c2.3,0,4.2,1.9,4.2,4.2S76.6,41.9,74.3,41.9z\"><\/path><path d=\"M55.9,45.8c-5.7,0-10.4,4.6-10.3,10.3c0,5.7,4.6,10.3,10.3,10.3s10.3-4.6,10.3-10.3 C66.2,50.4,61.6,45.8,55.9,45.8z\"><\/path><\/svg><\/span>\n                        <\/a>\n                      <\/div>\n                    <\/div>\n                  <\/div>\n                <\/div>\n              <\/div>\n            <\/div>\n          <\/div>\n        <\/div>\n      <\/div>\n    <\/section>\n    \n    \n    \n  \n","protected":false},"excerpt":{"rendered":"<p>about us | projects&nbsp;| contact About us Interactive Bards We are the group of people who like good stories and computer games. That&#8217;s why we develope games with good stories. Learn more Projects Warsaw, the Paris of North New York, 1935. \u200bJames, a middle-aged millionaire, decides to go on a business journey to Warsaw, to &hellip; <a href=\"http:\/\/www.interactivebards.com\/\" class=\"more-link\">Continue reading<span class=\"screen-reader-text\"> &#8222;Interactive Bards&#8221;<\/span><\/a><\/p>\n","protected":false},"author":1,"featured_media":0,"parent":0,"menu_order":1,"comment_status":"closed","ping_status":"closed","template":"","meta":[],"_links":{"self":[{"href":"http:\/\/www.interactivebards.com\/index.php?rest_route=\/wp\/v2\/pages\/272"}],"collection":[{"href":"http:\/\/www.interactivebards.com\/index.php?rest_route=\/wp\/v2\/pages"}],"about":[{"href":"http:\/\/www.interactivebards.com\/index.php?rest_route=\/wp\/v2\/types\/page"}],"author":[{"embeddable":true,"href":"http:\/\/www.interactivebards.com\/index.php?rest_route=\/wp\/v2\/users\/1"}],"replies":[{"embeddable":true,"href":"http:\/\/www.interactivebards.com\/index.php?rest_route=%2Fwp%2Fv2%2Fcomments&post=272"}],"version-history":[{"count":42,"href":"http:\/\/www.interactivebards.com\/index.php?rest_route=\/wp\/v2\/pages\/272\/revisions"}],"predecessor-version":[{"id":360,"href":"http:\/\/www.interactivebards.com\/index.php?rest_route=\/wp\/v2\/pages\/272\/revisions\/360"}],"wp:attachment":[{"href":"http:\/\/www.interactivebards.com\/index.php?rest_route=%2Fwp%2Fv2%2Fmedia&parent=272"}],"curies":[{"name":"wp","href":"https:\/\/api.w.org\/{rel}","templated":true}]}}